{"id":286,"date":"2016-10-31T13:17:59","date_gmt":"2016-10-31T16:17:59","guid":{"rendered":"https:\/\/isfdpaulofreire-mis.infd.edu.ar\/sitio\/?page_id=286"},"modified":"2026-03-31T21:51:02","modified_gmt":"2026-04-01T00:51:02","slug":"inicio","status":"publish","type":"page","link":"https:\/\/isfdpaulofreire-mis.infd.edu.ar\/sitio\/","title":{"rendered":"Inicio"},"content":{"rendered":"<div style=\"width: 100%;\">\n<p style=\"text-align: center;\"><img decoding=\"async\" loading=\"lazy\" class=\"alignnone size-medium wp-image-4481\" src=\"https:\/\/isfdpaulofreire-mis.infd.edu.ar\/sitio\/wp-content\/uploads\/2026\/03\/Post-de-instagram-frase-corazon-rosa-1920-x-850-px-1000x443.png\" alt=\"\" width=\"1000\" height=\"443\" srcset=\"https:\/\/isfdpaulofreire-mis.infd.edu.ar\/sitio\/wp-content\/uploads\/2026\/03\/Post-de-instagram-frase-corazon-rosa-1920-x-850-px-1000x443.png 1000w, https:\/\/isfdpaulofreire-mis.infd.edu.ar\/sitio\/wp-content\/uploads\/2026\/03\/Post-de-instagram-frase-corazon-rosa-1920-x-850-px-1900x841.png 1900w, https:\/\/isfdpaulofreire-mis.infd.edu.ar\/sitio\/wp-content\/uploads\/2026\/03\/Post-de-instagram-frase-corazon-rosa-1920-x-850-px-768x340.png 768w, https:\/\/isfdpaulofreire-mis.infd.edu.ar\/sitio\/wp-content\/uploads\/2026\/03\/Post-de-instagram-frase-corazon-rosa-1920-x-850-px-1536x680.png 1536w, https:\/\/isfdpaulofreire-mis.infd.edu.ar\/sitio\/wp-content\/uploads\/2026\/03\/Post-de-instagram-frase-corazon-rosa-1920-x-850-px-2048x907.png 2048w\" sizes=\"(max-width: 1000px) 100vw, 1000px\" \/><\/p>\n<\/div>\n<div>\u00a0<\/div>\n<div><center><\/p>\n<blockquote>\n<p><span style=\"color: #000000;\">Los invitamos a suscribirse al Canal Institucional <strong><a style=\"color: #000000;\" href=\"https:\/\/www.youtube.com\/redirect?event=channel_header&amp;redir_token=QUFFLUhqbHBYdWFPNk5FaEpVZ0Q4SEp4WlFXbDhsSFdRUXxBQ3Jtc0ttWHlKLWFmY25FN3JrRDRNSXF1X1UyZjNFQklSMndlR1kzcWh0WTZ3eFl0S0x0Wk9OVVFWckwtaVRZYTJfSGxkWFBod2hhQWxhaEJaZVRFV1pYU3VnREtFVzJ6ZEF0SkV6LTVTRGxyVU40cmJiRmlYYw&amp;q=https%3A%2F%2Fisfdpaulofreire-mis.infd.edu.ar%2Fsitio%2F\">Instituto Paulo Freire 1117<\/a><\/strong> en YouTube. All\u00ed encontrar\u00e1n producciones de estudiantes y profesores, como tambi\u00e9n acciones registradas que queremos compartir con todos ustedes.\u00a0<\/span><\/p>\n<\/blockquote>\n<p><\/center><\/div>\n<p><img decoding=\"async\" loading=\"lazy\" class=\"wp-image-1384 size-medium aligncenter\" title=\"Bienvenidos a nuestro canal de YouTube institucional\" src=\"https:\/\/isfdpaulofreire-mis.infd.edu.ar\/sitio\/wp-content\/uploads\/2020\/10\/canal-youtube-1000x171.png\" alt=\"Bienvenidos a nuestro canal de YouTube institucional\" width=\"1000\" height=\"171\" srcset=\"https:\/\/isfdpaulofreire-mis.infd.edu.ar\/sitio\/wp-content\/uploads\/2020\/10\/canal-youtube-1000x171.png 1000w, https:\/\/isfdpaulofreire-mis.infd.edu.ar\/sitio\/wp-content\/uploads\/2020\/10\/canal-youtube-768x131.png 768w, https:\/\/isfdpaulofreire-mis.infd.edu.ar\/sitio\/wp-content\/uploads\/2020\/10\/canal-youtube.png 1183w\" sizes=\"(max-width: 1000px) 100vw, 1000px\" \/> <div id=\"metaslider-id-938\" style=\"width: 100%; margin: 0 auto;\" class=\"ml-slider-3-33-0 metaslider metaslider-flex metaslider-938 ml-slider ms-theme-default\" role=\"region\" aria-roledescription=\"Slideshow\" aria-label=\"Slideshow\">\n    <div id=\"metaslider_container_938\">\n        <div id=\"metaslider_938\" class=\"flexslider\">\n            <ul aria-live=\"polite\" class=\"slides\">\n                <li style=\"display: none; width: 100%;\" class=\"slide-2196 ms-image\" aria-roledescription=\"slide\" aria-label=\"slide-2196\"><img width=\"1600\" height=\"1200\" src=\"https:\/\/isfdpaulofreire-mis.infd.edu.ar\/sitio\/wp-content\/uploads\/2022\/05\/279800024_3316056178666061_5308637964435552498_n.jpg\" class=\"slider-938 slide-2196\" alt=\"\" decoding=\"async\" loading=\"lazy\" rel=\"\" title=\"279800024_3316056178666061_5308637964435552498_n\" srcset=\"https:\/\/isfdpaulofreire-mis.infd.edu.ar\/sitio\/wp-content\/uploads\/2022\/05\/279800024_3316056178666061_5308637964435552498_n.jpg 1600w, https:\/\/isfdpaulofreire-mis.infd.edu.ar\/sitio\/wp-content\/uploads\/2022\/05\/279800024_3316056178666061_5308637964435552498_n-1000x750.jpg 1000w, https:\/\/isfdpaulofreire-mis.infd.edu.ar\/sitio\/wp-content\/uploads\/2022\/05\/279800024_3316056178666061_5308637964435552498_n-768x576.jpg 768w, https:\/\/isfdpaulofreire-mis.infd.edu.ar\/sitio\/wp-content\/uploads\/2022\/05\/279800024_3316056178666061_5308637964435552498_n-1536x1152.jpg 1536w\" sizes=\"(max-width: 1600px) 100vw, 1600px\" \/><\/li>\n                <li style=\"display: none; width: 100%;\" class=\"slide-2197 ms-image\" aria-roledescription=\"slide\" aria-label=\"slide-2197\"><img width=\"1040\" height=\"780\" src=\"https:\/\/isfdpaulofreire-mis.infd.edu.ar\/sitio\/wp-content\/uploads\/2022\/04\/ALEM-3-1.jpg\" class=\"slider-938 slide-2197\" alt=\"\" decoding=\"async\" loading=\"lazy\" rel=\"\" title=\"ALEM-3-1\" srcset=\"https:\/\/isfdpaulofreire-mis.infd.edu.ar\/sitio\/wp-content\/uploads\/2022\/04\/ALEM-3-1.jpg 1040w, https:\/\/isfdpaulofreire-mis.infd.edu.ar\/sitio\/wp-content\/uploads\/2022\/04\/ALEM-3-1-1000x750.jpg 1000w, https:\/\/isfdpaulofreire-mis.infd.edu.ar\/sitio\/wp-content\/uploads\/2022\/04\/ALEM-3-1-768x576.jpg 768w\" sizes=\"(max-width: 1040px) 100vw, 1040px\" \/><\/li>\n                <li style=\"display: none; width: 100%;\" class=\"slide-2198 ms-image\" aria-roledescription=\"slide\" aria-label=\"slide-2198\"><img width=\"1032\" height=\"774\" src=\"https:\/\/isfdpaulofreire-mis.infd.edu.ar\/sitio\/wp-content\/uploads\/2022\/04\/ALEM.jpg\" class=\"slider-938 slide-2198\" alt=\"\" decoding=\"async\" loading=\"lazy\" rel=\"\" title=\"ALEM\" srcset=\"https:\/\/isfdpaulofreire-mis.infd.edu.ar\/sitio\/wp-content\/uploads\/2022\/04\/ALEM.jpg 1032w, https:\/\/isfdpaulofreire-mis.infd.edu.ar\/sitio\/wp-content\/uploads\/2022\/04\/ALEM-1000x750.jpg 1000w, https:\/\/isfdpaulofreire-mis.infd.edu.ar\/sitio\/wp-content\/uploads\/2022\/04\/ALEM-768x576.jpg 768w\" sizes=\"(max-width: 1032px) 100vw, 1032px\" \/><\/li>\n                <li style=\"display: none; width: 100%;\" class=\"slide-2199 ms-image\" aria-roledescription=\"slide\" aria-label=\"slide-2199\"><img width=\"1156\" height=\"867\" src=\"https:\/\/isfdpaulofreire-mis.infd.edu.ar\/sitio\/wp-content\/uploads\/2022\/05\/WhatsApp-Image-2022-05-03-at-10.02.06-PM.jpeg\" class=\"slider-938 slide-2199\" alt=\"\" decoding=\"async\" loading=\"lazy\" rel=\"\" title=\"WhatsApp-Image-2022-05-03-at-10.02.06-PM\" srcset=\"https:\/\/isfdpaulofreire-mis.infd.edu.ar\/sitio\/wp-content\/uploads\/2022\/05\/WhatsApp-Image-2022-05-03-at-10.02.06-PM.jpeg 1156w, https:\/\/isfdpaulofreire-mis.infd.edu.ar\/sitio\/wp-content\/uploads\/2022\/05\/WhatsApp-Image-2022-05-03-at-10.02.06-PM-1000x750.jpeg 1000w, https:\/\/isfdpaulofreire-mis.infd.edu.ar\/sitio\/wp-content\/uploads\/2022\/05\/WhatsApp-Image-2022-05-03-at-10.02.06-PM-768x576.jpeg 768w\" sizes=\"(max-width: 1156px) 100vw, 1156px\" \/><\/li>\n                <li style=\"display: none; width: 100%;\" class=\"slide-2200 ms-image\" aria-roledescription=\"slide\" aria-label=\"slide-2200\"><img width=\"1156\" height=\"867\" src=\"https:\/\/isfdpaulofreire-mis.infd.edu.ar\/sitio\/wp-content\/uploads\/2022\/05\/WhatsApp-Image-2022-04-29-at-10.09.16-PM.jpeg\" class=\"slider-938 slide-2200\" alt=\"\" decoding=\"async\" loading=\"lazy\" rel=\"\" title=\"WhatsApp-Image-2022-04-29-at-10.09.16-PM\" srcset=\"https:\/\/isfdpaulofreire-mis.infd.edu.ar\/sitio\/wp-content\/uploads\/2022\/05\/WhatsApp-Image-2022-04-29-at-10.09.16-PM.jpeg 1156w, https:\/\/isfdpaulofreire-mis.infd.edu.ar\/sitio\/wp-content\/uploads\/2022\/05\/WhatsApp-Image-2022-04-29-at-10.09.16-PM-1000x750.jpeg 1000w, https:\/\/isfdpaulofreire-mis.infd.edu.ar\/sitio\/wp-content\/uploads\/2022\/05\/WhatsApp-Image-2022-04-29-at-10.09.16-PM-768x576.jpeg 768w\" sizes=\"(max-width: 1156px) 100vw, 1156px\" \/><\/li>\n                <li style=\"display: none; width: 100%;\" class=\"slide-3211 ms-image\" aria-roledescription=\"slide\" aria-label=\"slide-3211\"><img width=\"1280\" height=\"960\" src=\"https:\/\/isfdpaulofreire-mis.infd.edu.ar\/sitio\/wp-content\/uploads\/2022\/12\/WhatsApp-Image-2022-12-16-at-07.30.01-1.jpeg\" class=\"slider-938 slide-3211\" alt=\"\" decoding=\"async\" loading=\"lazy\" rel=\"\" title=\"WhatsApp-Image-2022-12-16-at-07.30.01-1\" srcset=\"https:\/\/isfdpaulofreire-mis.infd.edu.ar\/sitio\/wp-content\/uploads\/2022\/12\/WhatsApp-Image-2022-12-16-at-07.30.01-1.jpeg 1280w, https:\/\/isfdpaulofreire-mis.infd.edu.ar\/sitio\/wp-content\/uploads\/2022\/12\/WhatsApp-Image-2022-12-16-at-07.30.01-1-1000x750.jpeg 1000w, https:\/\/isfdpaulofreire-mis.infd.edu.ar\/sitio\/wp-content\/uploads\/2022\/12\/WhatsApp-Image-2022-12-16-at-07.30.01-1-768x576.jpeg 768w\" sizes=\"(max-width: 1280px) 100vw, 1280px\" \/><\/li>\n                <li style=\"display: none; width: 100%;\" class=\"slide-3212 ms-image\" aria-roledescription=\"slide\" aria-label=\"slide-3212\"><img width=\"1599\" height=\"1200\" src=\"https:\/\/isfdpaulofreire-mis.infd.edu.ar\/sitio\/wp-content\/uploads\/2022\/12\/WhatsApp-Image-2022-12-16-at-15.51.46-1.jpeg\" class=\"slider-938 slide-3212\" alt=\"\" decoding=\"async\" loading=\"lazy\" rel=\"\" title=\"WhatsApp-Image-2022-12-16-at-15.51.46-1\" srcset=\"https:\/\/isfdpaulofreire-mis.infd.edu.ar\/sitio\/wp-content\/uploads\/2022\/12\/WhatsApp-Image-2022-12-16-at-15.51.46-1.jpeg 1599w, https:\/\/isfdpaulofreire-mis.infd.edu.ar\/sitio\/wp-content\/uploads\/2022\/12\/WhatsApp-Image-2022-12-16-at-15.51.46-1-1000x750.jpeg 1000w, https:\/\/isfdpaulofreire-mis.infd.edu.ar\/sitio\/wp-content\/uploads\/2022\/12\/WhatsApp-Image-2022-12-16-at-15.51.46-1-768x576.jpeg 768w, https:\/\/isfdpaulofreire-mis.infd.edu.ar\/sitio\/wp-content\/uploads\/2022\/12\/WhatsApp-Image-2022-12-16-at-15.51.46-1-1536x1153.jpeg 1536w\" sizes=\"(max-width: 1599px) 100vw, 1599px\" \/><\/li>\n                <li style=\"display: none; width: 100%;\" class=\"slide-3213 ms-image\" aria-roledescription=\"slide\" aria-label=\"slide-3213\"><img width=\"1599\" height=\"1200\" src=\"https:\/\/isfdpaulofreire-mis.infd.edu.ar\/sitio\/wp-content\/uploads\/2022\/12\/WhatsApp-Image-2022-12-16-at-15.51.48-3.jpeg\" class=\"slider-938 slide-3213\" alt=\"\" decoding=\"async\" loading=\"lazy\" rel=\"\" title=\"WhatsApp-Image-2022-12-16-at-15.51.48-3\" srcset=\"https:\/\/isfdpaulofreire-mis.infd.edu.ar\/sitio\/wp-content\/uploads\/2022\/12\/WhatsApp-Image-2022-12-16-at-15.51.48-3.jpeg 1599w, https:\/\/isfdpaulofreire-mis.infd.edu.ar\/sitio\/wp-content\/uploads\/2022\/12\/WhatsApp-Image-2022-12-16-at-15.51.48-3-1000x750.jpeg 1000w, https:\/\/isfdpaulofreire-mis.infd.edu.ar\/sitio\/wp-content\/uploads\/2022\/12\/WhatsApp-Image-2022-12-16-at-15.51.48-3-768x576.jpeg 768w, https:\/\/isfdpaulofreire-mis.infd.edu.ar\/sitio\/wp-content\/uploads\/2022\/12\/WhatsApp-Image-2022-12-16-at-15.51.48-3-1536x1153.jpeg 1536w\" sizes=\"(max-width: 1599px) 100vw, 1599px\" \/><\/li>\n                <li style=\"display: none; width: 100%;\" class=\"slide-3220 ms-image\" aria-roledescription=\"slide\" aria-label=\"slide-3220\"><img width=\"1599\" height=\"1200\" src=\"https:\/\/isfdpaulofreire-mis.infd.edu.ar\/sitio\/wp-content\/uploads\/2022\/12\/WhatsApp-Image-2022-12-16-at-15.51.47.jpeg\" class=\"slider-938 slide-3220\" alt=\"\" decoding=\"async\" loading=\"lazy\" rel=\"\" title=\"WhatsApp-Image-2022-12-16-at-15.51.47\" srcset=\"https:\/\/isfdpaulofreire-mis.infd.edu.ar\/sitio\/wp-content\/uploads\/2022\/12\/WhatsApp-Image-2022-12-16-at-15.51.47.jpeg 1599w, https:\/\/isfdpaulofreire-mis.infd.edu.ar\/sitio\/wp-content\/uploads\/2022\/12\/WhatsApp-Image-2022-12-16-at-15.51.47-1000x750.jpeg 1000w, https:\/\/isfdpaulofreire-mis.infd.edu.ar\/sitio\/wp-content\/uploads\/2022\/12\/WhatsApp-Image-2022-12-16-at-15.51.47-768x576.jpeg 768w, https:\/\/isfdpaulofreire-mis.infd.edu.ar\/sitio\/wp-content\/uploads\/2022\/12\/WhatsApp-Image-2022-12-16-at-15.51.47-1536x1153.jpeg 1536w\" sizes=\"(max-width: 1599px) 100vw, 1599px\" \/><\/li>\n                <li style=\"display: none; width: 100%;\" class=\"slide-3221 ms-image\" aria-roledescription=\"slide\" aria-label=\"slide-3221\"><img width=\"1280\" height=\"960\" src=\"https:\/\/isfdpaulofreire-mis.infd.edu.ar\/sitio\/wp-content\/uploads\/2022\/12\/WhatsApp-Image-2022-12-16-at-07.30.02-2.jpeg\" class=\"slider-938 slide-3221\" alt=\"\" decoding=\"async\" loading=\"lazy\" rel=\"\" title=\"WhatsApp-Image-2022-12-16-at-07.30.02-2\" srcset=\"https:\/\/isfdpaulofreire-mis.infd.edu.ar\/sitio\/wp-content\/uploads\/2022\/12\/WhatsApp-Image-2022-12-16-at-07.30.02-2.jpeg 1280w, https:\/\/isfdpaulofreire-mis.infd.edu.ar\/sitio\/wp-content\/uploads\/2022\/12\/WhatsApp-Image-2022-12-16-at-07.30.02-2-1000x750.jpeg 1000w, https:\/\/isfdpaulofreire-mis.infd.edu.ar\/sitio\/wp-content\/uploads\/2022\/12\/WhatsApp-Image-2022-12-16-at-07.30.02-2-768x576.jpeg 768w\" sizes=\"(max-width: 1280px) 100vw, 1280px\" \/><\/li>\n            <\/ul>\n        <\/div>\n        \n    <\/div>\n<\/div><\/p>\n<p>&nbsp;<\/p>\n<p><!--?php echo do_shortcode('[metaslider id=\"938\"]'); ?--><\/p>\n<p><?php echo do_shortcode('[metaslider id=\"938\"]'); ?><\/p>\n","protected":false},"excerpt":{"rendered":"<p>\u00a0 Los invitamos a suscribirse al Canal Institucional Instituto Paulo Freire 1117 en YouTube. All\u00ed encontrar\u00e1n producciones de estudiantes y profesores, como tambi\u00e9n acciones registradas que queremos compartir con todos ustedes.\u00a0 &nbsp;<\/p>\n","protected":false},"author":1,"featured_media":0,"parent":298,"menu_order":0,"comment_status":"closed","ping_status":"closed","template":"","meta":[],"acf":[],"_links":{"self":[{"href":"https:\/\/isfdpaulofreire-mis.infd.edu.ar\/sitio\/wp-json\/wp\/v2\/pages\/286"}],"collection":[{"href":"https:\/\/isfdpaulofreire-mis.infd.edu.ar\/sitio\/wp-json\/wp\/v2\/pages"}],"about":[{"href":"https:\/\/isfdpaulofreire-mis.infd.edu.ar\/sitio\/wp-json\/wp\/v2\/types\/page"}],"author":[{"embeddable":true,"href":"https:\/\/isfdpaulofreire-mis.infd.edu.ar\/sitio\/wp-json\/wp\/v2\/users\/1"}],"replies":[{"embeddable":true,"href":"https:\/\/isfdpaulofreire-mis.infd.edu.ar\/sitio\/wp-json\/wp\/v2\/comments?post=286"}],"version-history":[{"count":344,"href":"https:\/\/isfdpaulofreire-mis.infd.edu.ar\/sitio\/wp-json\/wp\/v2\/pages\/286\/revisions"}],"predecessor-version":[{"id":4485,"href":"https:\/\/isfdpaulofreire-mis.infd.edu.ar\/sitio\/wp-json\/wp\/v2\/pages\/286\/revisions\/4485"}],"up":[{"embeddable":true,"href":"https:\/\/isfdpaulofreire-mis.infd.edu.ar\/sitio\/wp-json\/wp\/v2\/pages\/298"}],"wp:attachment":[{"href":"https:\/\/isfdpaulofreire-mis.infd.edu.ar\/sitio\/wp-json\/wp\/v2\/media?parent=286"}],"curies":[{"name":"wp","href":"https:\/\/api.w.org\/{rel}","templated":true}]}}