{"id":2408,"date":"2022-07-06T13:39:35","date_gmt":"2022-07-06T16:39:35","guid":{"rendered":"https:\/\/isfdpaulofreire-mis.infd.edu.ar\/sitio\/?page_id=2408"},"modified":"2022-09-04T11:18:54","modified_gmt":"2022-09-04T14:18:54","slug":"solicitud-de-equivalencias","status":"publish","type":"page","link":"https:\/\/isfdpaulofreire-mis.infd.edu.ar\/sitio\/solicitud-de-equivalencias\/","title":{"rendered":"SOLICITUD DE EQUIVALENCIAS"},"content":{"rendered":"\n<p>Si pediste el pase y quer\u00e9s empezar a cursar en nuestra Instituci\u00f3n deb\u00e9s saber lo siguiente:<\/p>\n\n\n\n<ul><li>Ten\u00e9s que <a href=\"https:\/\/isfdpaulofreire-mis.infd.edu.ar\/sitio\/catalogo\/inscripcion-a-los-profesorados\/\" target=\"_blank\" rel=\"noreferrer noopener\">inscribirte<\/a>.<\/li><li>Pod\u00e9s solicitar equivalencias.<\/li><\/ul>\n\n\n\n<p>Se podr\u00e1 acreditar una Unidad Curricular (UC) mediante equivalencias. <\/p>\n\n\n\n<p>Las equivalencias podr\u00e1n comprender \u00fanicamente la UC <em><strong>aprobadas y acreditadas<\/strong><\/em> en la Instituci\u00f3n de Origen, Instituci\u00f3n de Estudios Superiores reconocida oficialmente, siempre que los porcentajes de coincidencias de contenidos y bibliograf\u00eda no sean menores al <strong><em>80%<\/em><\/strong>.<\/p>\n\n\n\n<p class=\"has-vivid-red-color has-text-color\"><strong>CONDICIONES PARA SOLICITAR EQUIVALENCIAS<\/strong><\/p>\n\n\n\n<ul><li>Solicitar al Rector, a trav\u00e9s de la Secretar\u00eda del Instituto, el reconocimiento de UC aprobada, mediante nota firmada en oportunidad de formalizar la inscripci\u00f3n en la Carrera hasta el <strong><em>10 de abril<\/em><\/strong> del a\u00f1o que cursa la respectiva UC. &#x200d;&#x200d;&#x200d;&#x200d;&#x200d;&#x200d;&#x200d;&#x200d;&#x200d;&#x200d;\u200e<strong><em>PASADA ESA FECHA, LA SOLICITUD NO SER\u00c1 V\u00c1LIDA PARA EL CORRIENTE A\u00d1O.\u3164\u3164<\/em><\/strong>&#x200d;&#x200d;&#x200d;&#x200d;&#x200d;\u200e\u3164\u3164&#x200d;&#x200d;&#x200d;&#x200d;&#x200d;\u200e&#x200d;&#x200d;&#x200d;&#x200d;&#x200d;\u200e\u3164\u3164\u3164\u3164&#x200d;&#x200d;&#x200d;&#x200d;&#x200d;\u200e\u3164\u3164\u200e\u3164\u3164&#x200d;&#x200d;&#x200d;&#x200d;&#x200d;\u200e\u3164\u3164&#x200d;&#x200d;&#x200d;&#x200d;&#x200d;\u200e\u3164\u3164&#x200d;&#x200d;&#x200d;&#x200d;&#x200d;\u200e\u3164\u3164&#x200d;&#x200d;&#x200d;&#x200d;&#x200d;\u200e\u3164\u3164&#x200d;&#x200d;&#x200d;&#x200d;&#x200d;\u200e\u3164\u3164&#x200d;&#x200d;&#x200d;&#x200d;&#x200d;\u200e\u3164\u3164&#x200d;&#x200d;&#x200d;&#x200d;&#x200d;\u200e\u3164\u3164&#x200d;&#x200d;&#x200d;&#x200d;&#x200d;\u200e\u3164\u3164&#x200d;&#x200d;&#x200d;&#x200d;&#x200d;\u200e\u3164\u3164&#x200d;&#x200d;&#x200d;&#x200d;&#x200d;\u200e\u3164\u3164&#x200d;&#x200d;&#x200d;&#x200d;&#x200d;\u200e\u3164\u3164&#x200d;&#x200d;&#x200d;&#x200d;&#x200d;\u200e\u3164\u3164\u200e&#x200d;&#x200d;&#x200d;&#x200d;&#x200d;\u200e\u3164\u200e\u3164\u3164\u3164\u3164&#x200d;&#x200d;&#x200d;&#x200d;&#x200d;\u200e\u3164\u3164&#x200d;&#x200d;&#x200d;&#x200d;&#x200d;\u200e\u3164\u3164&#x200d;&#x200d;&#x200d;&#x200d;&#x200d;\u200e\u3164\u3164<\/li><li>Acompa\u00f1ar la solicitud con el <strong><em>anal\u00edtico o certificado de materias aprobadas<\/em><\/strong> y el\/los programas que correspondan, en el\/los que conste carga horaria, contenidos y bibliograf\u00eda de la\/s UC en la\/s que se solicita equivalencia. La documentaci\u00f3n<br>deber\u00e1 estar debidamente certificada por la Instituci\u00f3n de Origen. <strong><em>PEDIR CON TIEMPO ESTOS DOCUMENTOS A LAS INSTITUCIONES DE ORIGEN. NO DEJAR ESTO PARA LOS PRIMEROS D\u00cdAS DE ABRIL. HACERLO EN DICIEMBRE, FEBRERO, A M\u00c1S TARDAR, EN MARZO.<\/em><\/strong> &#x200d;&#x200d;&#x200d;&#x200d;&#x200d;\u200e\u3164&#x200d;&#x200d;&#x200d;&#x200d;&#x200d;\u200e\u3164\u3164&#x200d;&#x200d;&#x200d;&#x200d;&#x200d;\u200e\u3164\u3164\u3164&#x200d;&#x200d;&#x200d;&#x200d;&#x200d;\u200e\u3164\u3164&#x200d;&#x200d;&#x200d;&#x200d;&#x200d;\u200e\u3164\u3164&#x200d;&#x200d;&#x200d;&#x200d;&#x200d;\u200e\u3164\u3164&#x200d;&#x200d;&#x200d;&#x200d;&#x200d;\u200e\u3164\u3164&#x200d;&#x200d;&#x200d;&#x200d;&#x200d;\u200e\u3164\u3164&#x200d;&#x200d;&#x200d;&#x200d;&#x200d;\u200e\u3164\u3164&#x200d;&#x200d;&#x200d;&#x200d;&#x200d;\u200e\u3164\u3164&#x200d;&#x200d;&#x200d;&#x200d;&#x200d;\u200e\u3164\u3164&#x200d;&#x200d;&#x200d;&#x200d;&#x200d;\u200e\u3164\u3164&#x200d;&#x200d;&#x200d;&#x200d;&#x200d;\u200e\u3164\u3164&#x200d;&#x200d;&#x200d;&#x200d;&#x200d;\u200e\u3164\u3164&#x200d;&#x200d;&#x200d;&#x200d;&#x200d;\u200e\u3164\u3164&#x200d;&#x200d;&#x200d;&#x200d;&#x200d;\u200e\u3164\u3164&#x200d;&#x200d;&#x200d;&#x200d;&#x200d;\u200e\u3164\u3164&#x200d;&#x200d;&#x200d;&#x200d;&#x200d;\u200e\u3164\u3164&#x200d;&#x200d;&#x200d;&#x200d;&#x200d;\u200e\u3164\u3164&#x200d;&#x200d;&#x200d;&#x200d;&#x200d;\u200e\u3164\u3164&#x200d;&#x200d;&#x200d;&#x200d;&#x200d;\u200e\u3164\u3164&#x200d;&#x200d;&#x200d;&#x200d;&#x200d;\u200e\u3164\u3164&#x200d;&#x200d;&#x200d;&#x200d;&#x200d;\u200e\u3164\u3164&#x200d;&#x200d;&#x200d;&#x200d;&#x200d;\u200e\u3164\u3164&#x200d;&#x200d;&#x200d;&#x200d;&#x200d;\u200e\u3164\u3164&#x200d;&#x200d;&#x200d;&#x200d;&#x200d;\u200e\u3164\u3164&#x200d;&#x200d;&#x200d;&#x200d;&#x200d;\u200e\u3164\u3164&#x200d;&#x200d;&#x200d;&#x200d;&#x200d;\u200e\u3164\u3164&#x200d;&#x200d;&#x200d;&#x200d;&#x200d;\u200e\u3164\u3164&#x200d;&#x200d;&#x200d;&#x200d;&#x200d;\u200e\u3164\u3164&#x200d;&#x200d;&#x200d;&#x200d;&#x200d;\u200e\u3164\u3164                                                                                                                       &#x200d;&#x200d;&#x200d;&#x200d;&#x200d;\u200e\u3164\u3164&#x200d;&#x200d;&#x200d;&#x200d;&#x200d;\u200e\u3164\u3164&#x200d;&#x200d;&#x200d;&#x200d;&#x200d;\u200e\u3164\u3164<\/li><li>Cursar la UC cuya aprobaci\u00f3n solicita equivalencia, hasta tanto se le confirme fehacientemente que se le otorg\u00f3 lo solicitado. &#x200d;&#x200d;&#x200d;&#x200d;&#x200d;\u200e\u3164\u3164&#x200d;&#x200d;&#x200d;&#x200d;&#x200d;\u200e\u3164\u3164&#x200d;&#x200d;&#x200d;&#x200d;&#x200d;\u200e\u3164\u3164&#x200d;&#x200d;&#x200d;&#x200d;&#x200d;\u200e\u3164\u3164&#x200d;&#x200d;&#x200d;&#x200d;&#x200d;\u200e\u3164\u3164&#x200d;&#x200d;&#x200d;&#x200d;&#x200d;\u200e\u3164\u3164&#x200d;&#x200d;&#x200d;&#x200d;&#x200d;\u200e\u3164\u3164&#x200d;&#x200d;&#x200d;&#x200d;&#x200d;\u200e\u3164\u3164&#x200d;&#x200d;&#x200d;&#x200d;&#x200d;\u200e\u3164\u3164&#x200d;&#x200d;&#x200d;&#x200d;&#x200d;\u200e\u3164\u3164&#x200d;&#x200d;&#x200d;&#x200d;&#x200d;\u200e\u3164\u3164&#x200d;&#x200d;&#x200d;&#x200d;&#x200d;\u200e\u3164\u3164&#x200d;&#x200d;&#x200d;&#x200d;&#x200d;\u200e\u3164\u3164&#x200d;&#x200d;&#x200d;&#x200d;&#x200d;\u200e\u3164\u3164&#x200d;&#x200d;&#x200d;&#x200d;&#x200d;\u200e\u3164\u3164&#x200d;&#x200d;&#x200d;&#x200d;&#x200d;\u200e\u3164\u3164&#x200d;&#x200d;&#x200d;&#x200d;&#x200d;\u200e\u3164\u3164&#x200d;&#x200d;&#x200d;&#x200d;&#x200d;\u200e\u3164\u3164&#x200d;&#x200d;&#x200d;&#x200d;&#x200d;\u200e\u3164\u3164&#x200d;&#x200d;&#x200d;&#x200d;&#x200d;\u200e\u3164\u3164&#x200d;&#x200d;&#x200d;&#x200d;&#x200d;\u200e\u3164\u3164&#x200d;&#x200d;&#x200d;&#x200d;&#x200d;\u200e\u3164\u3164&#x200d;&#x200d;&#x200d;&#x200d;&#x200d;\u200e\u3164\u3164&#x200d;&#x200d;&#x200d;&#x200d;&#x200d;\u200e\u3164\u3164&#x200d;&#x200d;&#x200d;&#x200d;&#x200d;\u200e\u3164\u3164&#x200d;&#x200d;&#x200d;&#x200d;&#x200d;\u200e\u3164\u3164&#x200d;&#x200d;&#x200d;&#x200d;&#x200d;\u200e\u3164\u3164<\/li><\/ul>\n","protected":false},"excerpt":{"rendered":"<p>Si pediste el pase y quer\u00e9s empezar a cursar en nuestra Instituci\u00f3n deb\u00e9s saber lo siguiente: Ten\u00e9s que inscribirte. Pod\u00e9s solicitar equivalencias. Se podr\u00e1 acreditar una Unidad Curricular (UC) mediante equivalencias. Las equivalencias podr\u00e1n comprender \u00fanicamente la UC aprobadas y acreditadas en la Instituci\u00f3n de Origen, Instituci\u00f3n de Estudios Superiores reconocida oficialmente, siempre que los &#8230; <a title=\"SOLICITUD DE EQUIVALENCIAS\" class=\"read-more\" href=\"https:\/\/isfdpaulofreire-mis.infd.edu.ar\/sitio\/solicitud-de-equivalencias\/\" aria-label=\"More on SOLICITUD DE EQUIVALENCIAS\">[+]<\/a><\/p>\n","protected":false},"author":191,"featured_media":0,"parent":0,"menu_order":0,"comment_status":"closed","ping_status":"closed","template":"","meta":[],"acf":[],"_links":{"self":[{"href":"https:\/\/isfdpaulofreire-mis.infd.edu.ar\/sitio\/wp-json\/wp\/v2\/pages\/2408"}],"collection":[{"href":"https:\/\/isfdpaulofreire-mis.infd.edu.ar\/sitio\/wp-json\/wp\/v2\/pages"}],"about":[{"href":"https:\/\/isfdpaulofreire-mis.infd.edu.ar\/sitio\/wp-json\/wp\/v2\/types\/page"}],"author":[{"embeddable":true,"href":"https:\/\/isfdpaulofreire-mis.infd.edu.ar\/sitio\/wp-json\/wp\/v2\/users\/191"}],"replies":[{"embeddable":true,"href":"https:\/\/isfdpaulofreire-mis.infd.edu.ar\/sitio\/wp-json\/wp\/v2\/comments?post=2408"}],"version-history":[{"count":11,"href":"https:\/\/isfdpaulofreire-mis.infd.edu.ar\/sitio\/wp-json\/wp\/v2\/pages\/2408\/revisions"}],"predecessor-version":[{"id":2496,"href":"https:\/\/isfdpaulofreire-mis.infd.edu.ar\/sitio\/wp-json\/wp\/v2\/pages\/2408\/revisions\/2496"}],"wp:attachment":[{"href":"https:\/\/isfdpaulofreire-mis.infd.edu.ar\/sitio\/wp-json\/wp\/v2\/media?parent=2408"}],"curies":[{"name":"wp","href":"https:\/\/api.w.org\/{rel}","templated":true}]}}