{"id":1630,"date":"2021-09-14T22:12:11","date_gmt":"2021-09-15T01:12:11","guid":{"rendered":"https:\/\/isfdpaulofreire-mis.infd.edu.ar\/sitio\/?page_id=1630"},"modified":"2026-04-28T21:18:20","modified_gmt":"2026-04-29T00:18:20","slug":"inscripcion-a-los-profesorados","status":"publish","type":"page","link":"https:\/\/isfdpaulofreire-mis.infd.edu.ar\/sitio\/catalogo\/inscripcion-a-los-profesorados\/","title":{"rendered":"INSCRIPCIONES 2027"},"content":{"rendered":"\n<h3 class=\"wp-block-heading\"><strong><strong>PRE-INSCRIPCI\u00d3N ONLINE<\/strong><\/strong>: PASOS A SEGUIR<\/h3>\n\n\n\n<div class=\"wp-block-columns is-layout-flex wp-container-4\">\n<div class=\"wp-block-column is-layout-flow\" style=\"flex-basis:50%\">\n<div class=\"wp-block-group is-layout-constrained\"><div class=\"wp-block-group__inner-container\">\n<p><strong>1- <\/strong>Completar el<a rel=\"noreferrer noopener\" href=\"https:\/\/forms.gle\/DfJs6tu4WuRp1pDT8\" target=\"_blank\"><strong> formulario<\/strong><\/a> de preinscripci\u00f3n. <\/p>\n\n\n\n<p><strong>2-<\/strong> Descargar e imprimir el formulario completo.<\/p>\n\n\n\n<p><strong>3-<\/strong> Junto al formulario, adjuntar los siguientes requisitos:<\/p>\n\n\n\n<ul>\n<li>Fotocopia autenticada del D.N.I.<\/li>\n\n\n\n<li>Fotocopia de la partida de nacimiento legalizada por el Registro de las Personas.<\/li>\n\n\n\n<li>Certificado de Residencia.<\/li>\n\n\n\n<li>Certificado de buena salud y grupo sangu\u00edneo.<\/li>\n\n\n\n<li>Constancia de CUIL.<\/li>\n\n\n\n<li>2 fotos 4&#215;4 de fondo color azul\/celeste.<\/li>\n\n\n\n<li>Carpeta colgante.<\/li>\n\n\n\n<li>T\u00edtulo Secundario legalizado por el Registro de las Personas. <\/li>\n\n\n\n<li>Fotocopia Legalizada por el Registro de las Personas y autenticada por el Establecimiento de Origen del <strong>T\u00edtulo del Nivel Medio<\/strong> o constancia provisoria de T\u00edtulo en tr\u00e1mite v\u00e1lida por 90 (noventa) d\u00edas corridos.<\/li>\n<\/ul>\n\n\n\n<p><strong>4-<\/strong> Dirigirse a la Secretar\u00eda del ISFD \u00abPaulo Freire\u00bb 1117 para la inscripci\u00f3n definitiva. Adem\u00e1s, deber\u00e1 abonar la matr\u00edcula. <\/p>\n\n\n\n<figure class=\"wp-block-table\"><table><tbody><tr><td class=\"has-text-align-center\" data-align=\"center\"><strong>ESTAMOS ATENDIENDO EN CAPIOV\u00cd Y EN LEANDRO N. ALEM<\/strong> <strong>DESDE LAS 18:30 HS HASTA LAS 22:30HS<\/strong><\/td><\/tr><\/tbody><\/table><figcaption class=\"wp-element-caption\"><em>La inscripci\u00f3n se debe realizar en la sede en donde se cursar\u00e1n las unidades curriculares. <\/em><\/figcaption><\/figure>\n<\/div><\/div>\n<\/div>\n\n\n\n<div class=\"wp-block-column is-layout-flow\" style=\"flex-basis:50%\">\n<figure class=\"wp-block-image size-large\"><img decoding=\"async\" loading=\"lazy\" width=\"1343\" height=\"1900\" src=\"https:\/\/isfdpaulofreire-mis.infd.edu.ar\/sitio\/wp-content\/uploads\/2024\/06\/Orange-Modern-Internship-Program-Flyer-5-1-1343x1900.png\" alt=\"\" class=\"wp-image-4404\" srcset=\"https:\/\/isfdpaulofreire-mis.infd.edu.ar\/sitio\/wp-content\/uploads\/2024\/06\/Orange-Modern-Internship-Program-Flyer-5-1-1343x1900.png 1343w, https:\/\/isfdpaulofreire-mis.infd.edu.ar\/sitio\/wp-content\/uploads\/2024\/06\/Orange-Modern-Internship-Program-Flyer-5-1-707x1000.png 707w, https:\/\/isfdpaulofreire-mis.infd.edu.ar\/sitio\/wp-content\/uploads\/2024\/06\/Orange-Modern-Internship-Program-Flyer-5-1-768x1086.png 768w, https:\/\/isfdpaulofreire-mis.infd.edu.ar\/sitio\/wp-content\/uploads\/2024\/06\/Orange-Modern-Internship-Program-Flyer-5-1-1086x1536.png 1086w, https:\/\/isfdpaulofreire-mis.infd.edu.ar\/sitio\/wp-content\/uploads\/2024\/06\/Orange-Modern-Internship-Program-Flyer-5-1-1448x2048.png 1448w\" sizes=\"(max-width: 1343px) 100vw, 1343px\" \/><\/figure>\n<\/div>\n<\/div>\n\n\n\n<div style=\"height:23px\" aria-hidden=\"true\" class=\"wp-block-spacer\"><\/div>\n\n\n\n<h3 class=\"wp-block-heading has-text-align-center\"><strong><strong>DIRECCIONES &#x1f4cc;<\/strong><\/strong><\/h3>\n\n\n\n<div class=\"wp-block-columns is-layout-flex wp-container-7\">\n<div class=\"wp-block-column is-layout-flow\">\n<p class=\"has-text-align-center has-black-color has-text-color has-medium-font-size\"><strong>Edificio de la E.P.E.T. 14 <\/strong><\/p>\n\n\n\n<p class=\"has-text-align-center has-black-color has-text-color has-medium-font-size\"><strong>Av. Padre Juan May 248 &#8211; 3332 <\/strong><\/p>\n\n\n\n<p class=\"has-text-align-center has-black-color has-text-color has-medium-font-size\"><strong>Capiov\u00ed &#8211; Misiones<\/strong><\/p>\n\n\n\n<div style=\"height:58px\" aria-hidden=\"true\" class=\"wp-block-spacer\"><\/div>\n\n\n\n<iframe src=\"https:\/\/www.google.com\/maps\/embed?pb=!1m18!1m12!1m3!1d3557.004961537528!2d-55.06118148586303!3d-26.93505718311797!2m3!1f0!2f0!3f0!3m2!1i1024!2i768!4f13.1!3m3!1m2!1s0x94f8231f5017f379%3A0x56cc578907f56df!2sISFD%20Paulo%20Freire%201117!5e0!3m2!1ses!2sar!4v1649351755090!5m2!1ses!2sar\" width=\"600\" height=\"450\" style=\"border:0;\" allowfullscreen=\"\" loading=\"lazy\" referrerpolicy=\"no-referrer-when-downgrade\"><\/iframe>\n\n\n\n<figure class=\"wp-block-image size-large\"><img decoding=\"async\" loading=\"lazy\" width=\"1900\" height=\"1069\" src=\"https:\/\/isfdpaulofreire-mis.infd.edu.ar\/sitio\/wp-content\/uploads\/2022\/07\/Diseno-sin-titulo-1900x1069.png\" alt=\"\" class=\"wp-image-2398\" srcset=\"https:\/\/isfdpaulofreire-mis.infd.edu.ar\/sitio\/wp-content\/uploads\/2022\/07\/Diseno-sin-titulo-1900x1069.png 1900w, https:\/\/isfdpaulofreire-mis.infd.edu.ar\/sitio\/wp-content\/uploads\/2022\/07\/Diseno-sin-titulo-1000x563.png 1000w, https:\/\/isfdpaulofreire-mis.infd.edu.ar\/sitio\/wp-content\/uploads\/2022\/07\/Diseno-sin-titulo-768x432.png 768w, https:\/\/isfdpaulofreire-mis.infd.edu.ar\/sitio\/wp-content\/uploads\/2022\/07\/Diseno-sin-titulo-1536x864.png 1536w, https:\/\/isfdpaulofreire-mis.infd.edu.ar\/sitio\/wp-content\/uploads\/2022\/07\/Diseno-sin-titulo-2048x1152.png 2048w\" sizes=\"(max-width: 1900px) 100vw, 1900px\" \/><\/figure>\n<\/div>\n\n\n\n<div class=\"wp-block-column is-layout-flow\">\n<p class=\"has-text-align-center has-black-color has-text-color has-medium-font-size\"><strong>Edificio de<\/strong> <strong>la Escuela N\u00b062 <\/strong><\/p>\n\n\n\n<p class=\"has-text-align-center has-black-color has-text-color has-medium-font-size\"><strong>Teniente de Marina Luis PiedraBuena<\/strong><\/p>\n\n\n\n<p class=\"has-text-align-center has-black-color has-text-color has-medium-font-size\"><strong>Calle Ant\u00e1rtida Argentina 175<\/strong><\/p>\n\n\n\n<p class=\"has-text-align-center has-black-color has-text-color has-medium-font-size\"><strong>Leandro N. Alem &#8211; Misiones<\/strong><\/p>\n\n\n\n<iframe src=\"https:\/\/www.google.com\/maps\/embed?pb=!1m16!1m12!1m3!1d3535.516726629872!2d-55.324977775332954!3d-27.608508826239294!2m3!1f0!2f0!3f0!3m2!1i1024!2i768!4f13.1!2m1!1sescuela%2062%20alem!5e0!3m2!1ses!2sar!4v1777421674017!5m2!1ses!2sar\" width=\"600\" height=\"450\" style=\"border:0;\" allowfullscreen=\"\" loading=\"lazy\" referrerpolicy=\"no-referrer-when-downgrade\"><\/iframe>\n\n\n\n<figure class=\"wp-block-image size-large\"><img decoding=\"async\" loading=\"lazy\" width=\"1900\" height=\"504\" src=\"https:\/\/isfdpaulofreire-mis.infd.edu.ar\/sitio\/wp-content\/uploads\/2022\/07\/1423qr2-1900x504.png\" alt=\"\" class=\"wp-image-2399\" srcset=\"https:\/\/isfdpaulofreire-mis.infd.edu.ar\/sitio\/wp-content\/uploads\/2022\/07\/1423qr2-1900x504.png 1900w, https:\/\/isfdpaulofreire-mis.infd.edu.ar\/sitio\/wp-content\/uploads\/2022\/07\/1423qr2-1000x265.png 1000w, https:\/\/isfdpaulofreire-mis.infd.edu.ar\/sitio\/wp-content\/uploads\/2022\/07\/1423qr2-768x204.png 768w, https:\/\/isfdpaulofreire-mis.infd.edu.ar\/sitio\/wp-content\/uploads\/2022\/07\/1423qr2-1536x407.png 1536w, https:\/\/isfdpaulofreire-mis.infd.edu.ar\/sitio\/wp-content\/uploads\/2022\/07\/1423qr2-2048x543.png 2048w\" sizes=\"(max-width: 1900px) 100vw, 1900px\" \/><\/figure>\n<\/div>\n<\/div>\n\n\n<div class=\"wp-block-image\">\n<figure class=\"aligncenter size-large is-resized\"><a href=\"https:\/\/isfdpaulofreire-mis.infd.edu.ar\/sitio\/solicitud-de-equivalencias\/\" target=\"_blank\" rel=\"noopener\"><img decoding=\"async\" loading=\"lazy\" src=\"https:\/\/isfdpaulofreire-mis.infd.edu.ar\/sitio\/wp-content\/uploads\/2022\/07\/PASE-1.gif\" alt=\"\" class=\"wp-image-2423\" width=\"540\" height=\"540\"\/><\/a><\/figure><\/div>\n\n\n\n\n<p><\/p>\n","protected":false},"excerpt":{"rendered":"<p>PRE-INSCRIPCI\u00d3N ONLINE: PASOS A SEGUIR 1- Completar el formulario de preinscripci\u00f3n. 2- Descargar e imprimir el formulario completo. 3- Junto al formulario, adjuntar los siguientes requisitos: 4- Dirigirse a la Secretar\u00eda del ISFD \u00abPaulo Freire\u00bb 1117 para la inscripci\u00f3n definitiva. Adem\u00e1s, deber\u00e1 abonar la matr\u00edcula. ESTAMOS ATENDIENDO EN CAPIOV\u00cd Y EN LEANDRO N. ALEM DESDE &#8230; <a title=\"INSCRIPCIONES 2027\" class=\"read-more\" href=\"https:\/\/isfdpaulofreire-mis.infd.edu.ar\/sitio\/catalogo\/inscripcion-a-los-profesorados\/\" aria-label=\"More on INSCRIPCIONES 2027\">[+]<\/a><\/p>\n","protected":false},"author":121,"featured_media":0,"parent":644,"menu_order":0,"comment_status":"closed","ping_status":"closed","template":"","meta":[],"acf":[],"_links":{"self":[{"href":"https:\/\/isfdpaulofreire-mis.infd.edu.ar\/sitio\/wp-json\/wp\/v2\/pages\/1630"}],"collection":[{"href":"https:\/\/isfdpaulofreire-mis.infd.edu.ar\/sitio\/wp-json\/wp\/v2\/pages"}],"about":[{"href":"https:\/\/isfdpaulofreire-mis.infd.edu.ar\/sitio\/wp-json\/wp\/v2\/types\/page"}],"author":[{"embeddable":true,"href":"https:\/\/isfdpaulofreire-mis.infd.edu.ar\/sitio\/wp-json\/wp\/v2\/users\/121"}],"replies":[{"embeddable":true,"href":"https:\/\/isfdpaulofreire-mis.infd.edu.ar\/sitio\/wp-json\/wp\/v2\/comments?post=1630"}],"version-history":[{"count":54,"href":"https:\/\/isfdpaulofreire-mis.infd.edu.ar\/sitio\/wp-json\/wp\/v2\/pages\/1630\/revisions"}],"predecessor-version":[{"id":4519,"href":"https:\/\/isfdpaulofreire-mis.infd.edu.ar\/sitio\/wp-json\/wp\/v2\/pages\/1630\/revisions\/4519"}],"up":[{"embeddable":true,"href":"https:\/\/isfdpaulofreire-mis.infd.edu.ar\/sitio\/wp-json\/wp\/v2\/pages\/644"}],"wp:attachment":[{"href":"https:\/\/isfdpaulofreire-mis.infd.edu.ar\/sitio\/wp-json\/wp\/v2\/media?parent=1630"}],"curies":[{"name":"wp","href":"https:\/\/api.w.org\/{rel}","templated":true}]}}