{"id":1364,"date":"2020-10-08T11:11:51","date_gmt":"2020-10-08T14:11:51","guid":{"rendered":"https:\/\/isfdpaulofreire-mis.infd.edu.ar\/sitio\/?page_id=1364"},"modified":"2026-04-28T21:29:54","modified_gmt":"2026-04-29T00:29:54","slug":"adscripciones","status":"publish","type":"page","link":"https:\/\/isfdpaulofreire-mis.infd.edu.ar\/sitio\/adscripciones\/","title":{"rendered":"ADSCRIPCIONES"},"content":{"rendered":"<h3 style=\"text-align: center;\"><strong>\u00a1ATENCI\u00d3N DOCENTES! <\/strong><\/h3>\n<h5 style=\"text-align: center;\"><strong>El ISFD Paulo Freire abre la convocatoria a Adscripciones en las diferentes c\u00e1tedras de las carreras de Profesorado de Educaci\u00f3n Secundaria en Matem\u00e1tica y en Lengua y Literatura.\u00a0<\/strong><\/h5>\n<p style=\"text-align: left;\">En consonancia con la Resoluci\u00f3n 051\/19 del MECyT de la provincia, la instituci\u00f3n ofrece la posibilidad de \u00abcursado de Adscripciones a los graduados en Instituciones de Nivel Superior, sean o no egresados de su propia instituci\u00f3n, en las distintas\u00a0Unidades Curriculares para los cuales tiene competencia su titulaci\u00f3n.\u00bb (T\u00edtulo 5, cap. 2, art. 50)<\/p>\n<p style=\"text-align: left;\">Para ello invitamos a los interesados a completar y presentar la inscripci\u00f3n, su curr\u00edculum vitae y una propuesta de Trabajo Pr\u00e1ctico para el espacio curricular en el que se encuentra interesado y habilitado (siguiendo los modelos propuestos para cada documento que se encuentran disponibles en esta publicaci\u00f3n).<\/p>\n<p style=\"text-align: left;\">Los <em>formularios y propuestas se reciben hasta el <strong>20 de diciembre de 2026<\/strong><\/em>\u00a0por correo electr\u00f3nico a <strong>ipfreire1117@gmail.com<\/strong> y personalmente en la instituci\u00f3n en sus horarios de <a href=\"https:\/\/isfdpaulofreire-mis.infd.edu.ar\/sitio\/atencion-al-publico\/\">atenci\u00f3n al p\u00fablico<\/a>. Finalizado el per\u00edodo de recepci\u00f3n de inscripciones, un equipo integrado por la rectora, el\/la coordinador\/a de carrera y el\/la docente\u00a0titular del espacio curricular, proceder\u00e1n a la evaluaci\u00f3n de cada propuesta y la posterior comunicaci\u00f3n de la resoluci\u00f3n.<\/p>\n<p><strong>MODELOS DE DOCUMENTACI\u00d3N A ENTREGAR:<\/strong><\/p>\n<p>Formulario de inscripci\u00f3n: descargar <a href=\"https:\/\/drive.google.com\/file\/d\/12vo1Xe_b1JQc9ig7m0SUcpIM-Ji0zMH-\/view\" target=\"_blank\" rel=\"noopener\">aqu\u00ed<\/a><\/p>\n<p>Modelo de Curr\u00edculum Vitae: descargar <a href=\"https:\/\/drive.google.com\/file\/d\/1jTht4iW_j0gIpxlL-ehZgpHO86eft3r-\/view\" target=\"_blank\" rel=\"noopener\">aqu\u00ed\u00a0<\/a><\/p>\n<p>Gu\u00eda de Trabajos Pr\u00e1cticos: descargar <a href=\"https:\/\/drive.google.com\/file\/d\/1Jo7VBHOTTKJfV9FVyVrACM58xfE71pRQ\/view\" target=\"_blank\" rel=\"noopener\">aqu\u00ed<\/a><\/p>\n","protected":false},"excerpt":{"rendered":"<p>\u00a1ATENCI\u00d3N DOCENTES! El ISFD Paulo Freire abre la convocatoria a Adscripciones en las diferentes c\u00e1tedras de las carreras de Profesorado de Educaci\u00f3n Secundaria en Matem\u00e1tica y en Lengua y Literatura.\u00a0 En consonancia con la Resoluci\u00f3n 051\/19 del MECyT de la provincia, la instituci\u00f3n ofrece la posibilidad de \u00abcursado de Adscripciones a los graduados en Instituciones &#8230; <a title=\"ADSCRIPCIONES\" class=\"read-more\" href=\"https:\/\/isfdpaulofreire-mis.infd.edu.ar\/sitio\/adscripciones\/\" aria-label=\"More on ADSCRIPCIONES\">[+]<\/a><\/p>\n","protected":false},"author":13,"featured_media":0,"parent":0,"menu_order":0,"comment_status":"closed","ping_status":"closed","template":"","meta":[],"acf":[],"_links":{"self":[{"href":"https:\/\/isfdpaulofreire-mis.infd.edu.ar\/sitio\/wp-json\/wp\/v2\/pages\/1364"}],"collection":[{"href":"https:\/\/isfdpaulofreire-mis.infd.edu.ar\/sitio\/wp-json\/wp\/v2\/pages"}],"about":[{"href":"https:\/\/isfdpaulofreire-mis.infd.edu.ar\/sitio\/wp-json\/wp\/v2\/types\/page"}],"author":[{"embeddable":true,"href":"https:\/\/isfdpaulofreire-mis.infd.edu.ar\/sitio\/wp-json\/wp\/v2\/users\/13"}],"replies":[{"embeddable":true,"href":"https:\/\/isfdpaulofreire-mis.infd.edu.ar\/sitio\/wp-json\/wp\/v2\/comments?post=1364"}],"version-history":[{"count":13,"href":"https:\/\/isfdpaulofreire-mis.infd.edu.ar\/sitio\/wp-json\/wp\/v2\/pages\/1364\/revisions"}],"predecessor-version":[{"id":4521,"href":"https:\/\/isfdpaulofreire-mis.infd.edu.ar\/sitio\/wp-json\/wp\/v2\/pages\/1364\/revisions\/4521"}],"wp:attachment":[{"href":"https:\/\/isfdpaulofreire-mis.infd.edu.ar\/sitio\/wp-json\/wp\/v2\/media?parent=1364"}],"curies":[{"name":"wp","href":"https:\/\/api.w.org\/{rel}","templated":true}]}}